{"id":425,"date":"2025-06-19T18:33:54","date_gmt":"2025-06-19T18:33:54","guid":{"rendered":"https:\/\/nuevo.marmitas-industriales.com.mx\/?page_id=425"},"modified":"2025-07-04T17:27:42","modified_gmt":"2025-07-04T17:27:42","slug":"sobre-nosotros","status":"publish","type":"page","link":"https:\/\/nuevo.marmitas-industriales.com.mx\/?page_id=425","title":{"rendered":"Sobre nosotros"},"content":{"rendered":"\t\t<div data-elementor-type=\"wp-page\" data-elementor-id=\"425\" class=\"elementor elementor-425\" data-elementor-post-type=\"page\">\n\t\t\t\t<div class=\"elementor-element elementor-element-05dd5a2 e-flex e-con-boxed e-con e-parent\" data-id=\"05dd5a2\" data-element_type=\"container\" data-settings=\"{&quot;background_background&quot;:&quot;classic&quot;}\">\n\t\t\t\t\t<div class=\"e-con-inner\">\n\t\t\t\t<div class=\"elementor-element elementor-element-0cc0b1d elementor-widget elementor-widget-heading\" data-id=\"0cc0b1d\" data-element_type=\"widget\" data-widget_type=\"heading.default\">\n\t\t\t\t<div class=\"elementor-widget-container\">\n\t\t\t\t\t<h1 class=\"elementor-heading-title elementor-size-default\">Quienes Somos en Marmitas Industriales<\/h1>\t\t\t\t<\/div>\n\t\t\t\t<\/div>\n\t\t\t\t\t<\/div>\n\t\t\t\t<\/div>\n\t\t<div class=\"elementor-element elementor-element-f19ec41 e-flex e-con-boxed e-con e-parent\" data-id=\"f19ec41\" data-element_type=\"container\">\n\t\t\t\t\t<div class=\"e-con-inner\">\n\t\t\t\t<div class=\"elementor-element elementor-element-07ebec4 elementor-widget elementor-widget-text-editor\" data-id=\"07ebec4\" data-element_type=\"widget\" data-widget_type=\"text-editor.default\">\n\t\t\t\t<div class=\"elementor-widget-container\">\n\t\t\t\t\t\t\t\t\t<p>Nuestra empresa a lo largo de los a\u00f1os se ha especializado en la comercializaci\u00f3n de marmitas, sartenes basculantes y cocedores a vapor para restaurantes y cocinas industriales. Debido a que conocemos la importancia que representa el elegir un equipo con las mejores caracter\u00edsticas de calidad, de operaci\u00f3n y al mejor precio posible, nuestra organizaci\u00f3n se enfoca en la b\u00fasqueda de los mejores fabricantes en el mercado para poder entregarle un equipo como el que realmente necesita. En Marmitas Industriales hemos logrado adquirir a trav\u00e9s del tiempo la experiencia necesaria para asesorar a aquellos emprendedores que est\u00e1n arrancando un nuevo negocio o que busquen expandirse para adquirir los equipos y herramientas que realmente necesitar\u00e1n al mejor precio.<\/p>\t\t\t\t\t\t\t\t<\/div>\n\t\t\t\t<\/div>\n\t\t\t\t\t<\/div>\n\t\t\t\t<\/div>\n\t\t<div class=\"elementor-element elementor-element-949c73b e-con-full e-flex e-con e-parent\" data-id=\"949c73b\" data-element_type=\"container\" data-settings=\"{&quot;background_background&quot;:&quot;classic&quot;}\">\n\t\t<div class=\"elementor-element elementor-element-6d0fddf e-con-full e-flex e-con e-child\" data-id=\"6d0fddf\" data-element_type=\"container\" data-settings=\"{&quot;background_background&quot;:&quot;classic&quot;}\">\n\t\t\t\t<\/div>\n\t\t<div class=\"elementor-element elementor-element-a0bb62b e-con-full e-flex e-con e-child\" data-id=\"a0bb62b\" data-element_type=\"container\">\n\t\t\t\t<div class=\"elementor-element elementor-element-b179d8c elementor-widget elementor-widget-heading\" data-id=\"b179d8c\" data-element_type=\"widget\" data-widget_type=\"heading.default\">\n\t\t\t\t<div class=\"elementor-widget-container\">\n\t\t\t\t\t<h2 class=\"elementor-heading-title elementor-size-default\">Nuestra Visi\u00f3n<\/h2>\t\t\t\t<\/div>\n\t\t\t\t<\/div>\n\t\t\t\t<div class=\"elementor-element elementor-element-76a629a elementor-widget elementor-widget-text-editor\" data-id=\"76a629a\" data-element_type=\"widget\" data-widget_type=\"text-editor.default\">\n\t\t\t\t<div class=\"elementor-widget-container\">\n\t\t\t\t\t\t\t\t\t<p>Somos la empresa l\u00edder en la distribuci\u00f3n y comercializaci\u00f3n de marmitas, sartenes basculantes y cocedores a vapor para restaurantes, cocinas industriales y hospitales. Comprometidos con innovar y dise\u00f1ar las mejores cocinas para la alta eficiencia de su operaci\u00f3n. Enfocados en incrementar anualmente nuestra cartera de clientes a nivel nacional.<\/p>\t\t\t\t\t\t\t\t<\/div>\n\t\t\t\t<\/div>\n\t\t\t\t<div class=\"elementor-element elementor-element-dd8ab21 elementor-widget elementor-widget-heading\" data-id=\"dd8ab21\" data-element_type=\"widget\" data-widget_type=\"heading.default\">\n\t\t\t\t<div class=\"elementor-widget-container\">\n\t\t\t\t\t<h2 class=\"elementor-heading-title elementor-size-default\">Nuestros Valores<\/h2>\t\t\t\t<\/div>\n\t\t\t\t<\/div>\n\t\t\t\t<div class=\"elementor-element elementor-element-fb236ee elementor-widget elementor-widget-text-editor\" data-id=\"fb236ee\" data-element_type=\"widget\" data-widget_type=\"text-editor.default\">\n\t\t\t\t<div class=\"elementor-widget-container\">\n\t\t\t\t\t\t\t\t\t<p>Innovaci\u00f3n, superando nuestros propios \u00e9xitos e impulsar mejoras continuas. Trabajar en equipo, sumando esfuerzos se multiplican logros. Efectividad, realizar las actividades con precisi\u00f3n y excelencia.<\/p>\t\t\t\t\t\t\t\t<\/div>\n\t\t\t\t<\/div>\n\t\t\t\t<\/div>\n\t\t\t\t<\/div>\n\t\t<div class=\"elementor-element elementor-element-52396d9 e-flex e-con-boxed e-con e-parent\" data-id=\"52396d9\" data-element_type=\"container\">\n\t\t\t\t\t<div class=\"e-con-inner\">\n\t\t\t\t<div class=\"elementor-element elementor-element-1a06253 elementor-widget elementor-widget-heading\" data-id=\"1a06253\" data-element_type=\"widget\" data-widget_type=\"heading.default\">\n\t\t\t\t<div class=\"elementor-widget-container\">\n\t\t\t\t\t<h2 class=\"elementor-heading-title elementor-size-default\">Compre con confianza<\/h2>\t\t\t\t<\/div>\n\t\t\t\t<\/div>\n\t\t\t\t\t<\/div>\n\t\t\t\t<\/div>\n\t\t<div class=\"elementor-element elementor-element-670870b e-flex e-con-boxed e-con e-parent\" data-id=\"670870b\" data-element_type=\"container\">\n\t\t\t\t\t<div class=\"e-con-inner\">\n\t\t<div class=\"elementor-element elementor-element-0c7500e e-con-full e-flex e-con e-child\" data-id=\"0c7500e\" data-element_type=\"container\" data-settings=\"{&quot;background_background&quot;:&quot;classic&quot;}\">\n\t\t\t\t<div class=\"elementor-element elementor-element-a55f845 elementor-widget elementor-widget-heading\" data-id=\"a55f845\" data-element_type=\"widget\" data-widget_type=\"heading.default\">\n\t\t\t\t<div class=\"elementor-widget-container\">\n\t\t\t\t\t<h3 class=\"elementor-heading-title elementor-size-default\">Atenci\u00f3n Personal<\/h3>\t\t\t\t<\/div>\n\t\t\t\t<\/div>\n\t\t\t\t<div class=\"elementor-element elementor-element-bd1dcda elementor-widget elementor-widget-text-editor\" data-id=\"bd1dcda\" data-element_type=\"widget\" data-widget_type=\"text-editor.default\">\n\t\t\t\t<div class=\"elementor-widget-container\">\n\t\t\t\t\t\t\t\t\t<p>Contamos con un equipo de ejecutivos que atender\u00e1n tus necesidades personalmente.<\/p>\t\t\t\t\t\t\t\t<\/div>\n\t\t\t\t<\/div>\n\t\t\t\t<\/div>\n\t\t<div class=\"elementor-element elementor-element-1e4cbcc e-con-full e-flex e-con e-child\" data-id=\"1e4cbcc\" data-element_type=\"container\" data-settings=\"{&quot;background_background&quot;:&quot;classic&quot;}\">\n\t\t\t\t<div class=\"elementor-element elementor-element-a02fbaf elementor-widget elementor-widget-heading\" data-id=\"a02fbaf\" data-element_type=\"widget\" data-widget_type=\"heading.default\">\n\t\t\t\t<div class=\"elementor-widget-container\">\n\t\t\t\t\t<h3 class=\"elementor-heading-title elementor-size-default\">Atenci\u00f3n Telef\u00f3nica<\/h3>\t\t\t\t<\/div>\n\t\t\t\t<\/div>\n\t\t\t\t<div class=\"elementor-element elementor-element-e2573ee elementor-widget elementor-widget-text-editor\" data-id=\"e2573ee\" data-element_type=\"widget\" data-widget_type=\"text-editor.default\">\n\t\t\t\t<div class=\"elementor-widget-container\">\n\t\t\t\t\t\t\t\t\t<p>Nuestro centro de atenci\u00f3n est\u00e1 disponible de lunes a viernes de 9 am a 6 pm.<\/p>\t\t\t\t\t\t\t\t<\/div>\n\t\t\t\t<\/div>\n\t\t\t\t<\/div>\n\t\t\t\t\t<\/div>\n\t\t\t\t<\/div>\n\t\t<div class=\"elementor-element elementor-element-37c9d27 e-flex e-con-boxed e-con e-parent\" data-id=\"37c9d27\" data-element_type=\"container\">\n\t\t\t\t\t<div class=\"e-con-inner\">\n\t\t<div class=\"elementor-element elementor-element-dcf6138 e-con-full e-flex e-con e-child\" data-id=\"dcf6138\" data-element_type=\"container\" data-settings=\"{&quot;background_background&quot;:&quot;classic&quot;}\">\n\t\t\t\t<div class=\"elementor-element elementor-element-5a6a188 elementor-widget elementor-widget-heading\" data-id=\"5a6a188\" data-element_type=\"widget\" data-widget_type=\"heading.default\">\n\t\t\t\t<div class=\"elementor-widget-container\">\n\t\t\t\t\t<h3 class=\"elementor-heading-title elementor-size-default\">Pago en L\u00ednea<\/h3>\t\t\t\t<\/div>\n\t\t\t\t<\/div>\n\t\t\t\t<div class=\"elementor-element elementor-element-3e3bd70 elementor-widget elementor-widget-text-editor\" data-id=\"3e3bd70\" data-element_type=\"widget\" data-widget_type=\"text-editor.default\">\n\t\t\t\t<div class=\"elementor-widget-container\">\n\t\t\t\t\t\t\t\t\t<p>Nuestro sitio y nuestro proceso de pago son seguros, por lo que no se tendr\u00e1 que preocupar por proteger su ID.\u00a0<\/p>\t\t\t\t\t\t\t\t<\/div>\n\t\t\t\t<\/div>\n\t\t\t\t<\/div>\n\t\t<div class=\"elementor-element elementor-element-135c3e0 e-con-full elementor-hidden-mobile e-flex e-con e-child\" data-id=\"135c3e0\" data-element_type=\"container\" data-settings=\"{&quot;background_background&quot;:&quot;classic&quot;}\">\n\t\t\t\t<div class=\"elementor-element elementor-element-be19a9c elementor-widget elementor-widget-image\" data-id=\"be19a9c\" data-element_type=\"widget\" data-widget_type=\"image.default\">\n\t\t\t\t<div class=\"elementor-widget-container\">\n\t\t\t\t\t\t\t\t\t\t\t\t\t\t\t<img fetchpriority=\"high\" decoding=\"async\" width=\"800\" height=\"450\" src=\"https:\/\/nuevo.marmitas-industriales.com.mx\/wp-content\/uploads\/2025\/06\/PHOTO-2025-06-19-11-30-03-1024x576.jpg\" class=\"attachment-large size-large wp-image-342\" alt=\"\" srcset=\"https:\/\/nuevo.marmitas-industriales.com.mx\/wp-content\/uploads\/2025\/06\/PHOTO-2025-06-19-11-30-03-1024x576.jpg 1024w, https:\/\/nuevo.marmitas-industriales.com.mx\/wp-content\/uploads\/2025\/06\/PHOTO-2025-06-19-11-30-03-300x169.jpg 300w, https:\/\/nuevo.marmitas-industriales.com.mx\/wp-content\/uploads\/2025\/06\/PHOTO-2025-06-19-11-30-03-768x432.jpg 768w, https:\/\/nuevo.marmitas-industriales.com.mx\/wp-content\/uploads\/2025\/06\/PHOTO-2025-06-19-11-30-03.jpg 1280w\" sizes=\"(max-width: 800px) 100vw, 800px\" \/>\t\t\t\t\t\t\t\t\t\t\t\t\t\t\t<\/div>\n\t\t\t\t<\/div>\n\t\t\t\t<\/div>\n\t\t\t\t\t<\/div>\n\t\t\t\t<\/div>\n\t\t<div class=\"elementor-element elementor-element-37935d6 e-flex e-con-boxed e-con e-parent\" data-id=\"37935d6\" data-element_type=\"container\" data-settings=\"{&quot;background_background&quot;:&quot;classic&quot;}\">\n\t\t\t\t\t<div class=\"e-con-inner\">\n\t\t<div class=\"elementor-element elementor-element-c65f3ac e-con-full e-flex e-con e-child\" data-id=\"c65f3ac\" data-element_type=\"container\">\n\t\t\t\t<div class=\"elementor-element elementor-element-f2558b7 elementor-widget elementor-widget-heading\" data-id=\"f2558b7\" data-element_type=\"widget\" data-widget_type=\"heading.default\">\n\t\t\t\t<div class=\"elementor-widget-container\">\n\t\t\t\t\t<h3 class=\"elementor-heading-title elementor-size-default\">Productos Vendidos<\/h3>\t\t\t\t<\/div>\n\t\t\t\t<\/div>\n\t\t\t\t<div class=\"elementor-element elementor-element-3975644 elementor-widget elementor-widget-counter\" data-id=\"3975644\" data-element_type=\"widget\" data-widget_type=\"counter.default\">\n\t\t\t\t<div class=\"elementor-widget-container\">\n\t\t\t\t\t\t\t<div class=\"elementor-counter\">\n\t\t\t\t\t\t<div class=\"elementor-counter-number-wrapper\">\n\t\t\t\t<span class=\"elementor-counter-number-prefix\"><\/span>\n\t\t\t\t<span class=\"elementor-counter-number\" data-duration=\"2000\" data-to-value=\"21000\" data-from-value=\"0\" data-delimiter=\",\">0<\/span>\n\t\t\t\t<span class=\"elementor-counter-number-suffix\"><\/span>\n\t\t\t<\/div>\n\t\t<\/div>\n\t\t\t\t\t\t<\/div>\n\t\t\t\t<\/div>\n\t\t\t\t<\/div>\n\t\t<div class=\"elementor-element elementor-element-2e5f3db e-con-full e-flex e-con e-child\" data-id=\"2e5f3db\" data-element_type=\"container\">\n\t\t\t\t<div class=\"elementor-element elementor-element-ed93a6a elementor-widget elementor-widget-heading\" data-id=\"ed93a6a\" data-element_type=\"widget\" data-widget_type=\"heading.default\">\n\t\t\t\t<div class=\"elementor-widget-container\">\n\t\t\t\t\t<h3 class=\"elementor-heading-title elementor-size-default\">Proyectos Realizados\n<\/h3>\t\t\t\t<\/div>\n\t\t\t\t<\/div>\n\t\t\t\t<div class=\"elementor-element elementor-element-d4f5754 elementor-widget elementor-widget-counter\" data-id=\"d4f5754\" data-element_type=\"widget\" data-widget_type=\"counter.default\">\n\t\t\t\t<div class=\"elementor-widget-container\">\n\t\t\t\t\t\t\t<div class=\"elementor-counter\">\n\t\t\t\t\t\t<div class=\"elementor-counter-number-wrapper\">\n\t\t\t\t<span class=\"elementor-counter-number-prefix\"><\/span>\n\t\t\t\t<span class=\"elementor-counter-number\" data-duration=\"2000\" data-to-value=\"28\" data-from-value=\"0\" data-delimiter=\",\">0<\/span>\n\t\t\t\t<span class=\"elementor-counter-number-suffix\"><\/span>\n\t\t\t<\/div>\n\t\t<\/div>\n\t\t\t\t\t\t<\/div>\n\t\t\t\t<\/div>\n\t\t\t\t<\/div>\n\t\t<div class=\"elementor-element elementor-element-b7842ab e-con-full e-flex e-con e-child\" data-id=\"b7842ab\" data-element_type=\"container\">\n\t\t\t\t<div class=\"elementor-element elementor-element-ee483f6 elementor-widget elementor-widget-heading\" data-id=\"ee483f6\" data-element_type=\"widget\" data-widget_type=\"heading.default\">\n\t\t\t\t<div class=\"elementor-widget-container\">\n\t\t\t\t\t<h3 class=\"elementor-heading-title elementor-size-default\">Clientes Satisfechos<\/h3>\t\t\t\t<\/div>\n\t\t\t\t<\/div>\n\t\t\t\t<div class=\"elementor-element elementor-element-a1087ff elementor-widget elementor-widget-counter\" data-id=\"a1087ff\" data-element_type=\"widget\" data-widget_type=\"counter.default\">\n\t\t\t\t<div class=\"elementor-widget-container\">\n\t\t\t\t\t\t\t<div class=\"elementor-counter\">\n\t\t\t\t\t\t<div class=\"elementor-counter-number-wrapper\">\n\t\t\t\t<span class=\"elementor-counter-number-prefix\"><\/span>\n\t\t\t\t<span class=\"elementor-counter-number\" data-duration=\"2000\" data-to-value=\"166\" data-from-value=\"0\" data-delimiter=\",\">0<\/span>\n\t\t\t\t<span class=\"elementor-counter-number-suffix\"><\/span>\n\t\t\t<\/div>\n\t\t<\/div>\n\t\t\t\t\t\t<\/div>\n\t\t\t\t<\/div>\n\t\t\t\t<\/div>\n\t\t<div class=\"elementor-element elementor-element-5b43158 e-con-full e-flex e-con e-child\" data-id=\"5b43158\" data-element_type=\"container\">\n\t\t\t\t<div class=\"elementor-element elementor-element-8b45834 elementor-widget elementor-widget-heading\" data-id=\"8b45834\" data-element_type=\"widget\" data-widget_type=\"heading.default\">\n\t\t\t\t<div class=\"elementor-widget-container\">\n\t\t\t\t\t<h3 class=\"elementor-heading-title elementor-size-default\">A\u00f1os en el Mercado\n<\/h3>\t\t\t\t<\/div>\n\t\t\t\t<\/div>\n\t\t\t\t<div class=\"elementor-element elementor-element-9b14a2f elementor-widget elementor-widget-counter\" data-id=\"9b14a2f\" data-element_type=\"widget\" data-widget_type=\"counter.default\">\n\t\t\t\t<div class=\"elementor-widget-container\">\n\t\t\t\t\t\t\t<div class=\"elementor-counter\">\n\t\t\t\t\t\t<div class=\"elementor-counter-number-wrapper\">\n\t\t\t\t<span class=\"elementor-counter-number-prefix\"><\/span>\n\t\t\t\t<span class=\"elementor-counter-number\" data-duration=\"2000\" data-to-value=\"22\" data-from-value=\"0\" data-delimiter=\",\">0<\/span>\n\t\t\t\t<span class=\"elementor-counter-number-suffix\"><\/span>\n\t\t\t<\/div>\n\t\t<\/div>\n\t\t\t\t\t\t<\/div>\n\t\t\t\t<\/div>\n\t\t\t\t<\/div>\n\t\t\t\t\t<\/div>\n\t\t\t\t<\/div>\n\t\t\t\t<\/div>\n\t\t","protected":false},"excerpt":{"rendered":"<p>Quienes Somos en Marmitas Industriales Nuestra empresa a lo largo de los a\u00f1os se ha especializado en la comercializaci\u00f3n de marmitas, sartenes basculantes y cocedores a vapor para restaurantes y cocinas industriales. Debido a que conocemos la importancia que representa el elegir un equipo con las mejores caracter\u00edsticas de calidad, de operaci\u00f3n y al mejor [&hellip;]<\/p>\n","protected":false},"author":1,"featured_media":0,"parent":0,"menu_order":0,"comment_status":"closed","ping_status":"closed","template":"elementor_header_footer","meta":{"footnotes":""},"class_list":["post-425","page","type-page","status-publish","hentry"],"yoast_head":"<!-- This site is optimized with the Yoast SEO plugin v25.4 - https:\/\/yoast.com\/wordpress\/plugins\/seo\/ -->\n<title>Sobre nosotros - Marmitas Industriales<\/title>\n<meta name=\"robots\" content=\"index, follow, max-snippet:-1, max-image-preview:large, max-video-preview:-1\" \/>\n<link rel=\"canonical\" href=\"https:\/\/nuevo.marmitas-industriales.com.mx\/?page_id=425\" \/>\n<meta property=\"og:locale\" content=\"es_ES\" \/>\n<meta property=\"og:type\" content=\"article\" \/>\n<meta property=\"og:title\" content=\"Sobre nosotros - Marmitas Industriales\" \/>\n<meta property=\"og:description\" content=\"Quienes Somos en Marmitas Industriales Nuestra empresa a lo largo de los a\u00f1os se ha especializado en la comercializaci\u00f3n de marmitas, sartenes basculantes y cocedores a vapor para restaurantes y cocinas industriales. Debido a que conocemos la importancia que representa el elegir un equipo con las mejores caracter\u00edsticas de calidad, de operaci\u00f3n y al mejor [&hellip;]\" \/>\n<meta property=\"og:url\" content=\"https:\/\/nuevo.marmitas-industriales.com.mx\/?page_id=425\" \/>\n<meta property=\"og:site_name\" content=\"Marmitas Industriales\" \/>\n<meta property=\"article:modified_time\" content=\"2025-07-04T17:27:42+00:00\" \/>\n<meta property=\"og:image\" content=\"https:\/\/nuevo.marmitas-industriales.com.mx\/wp-content\/uploads\/2025\/06\/PHOTO-2025-06-19-11-30-03.jpg\" \/>\n\t<meta property=\"og:image:width\" content=\"1280\" \/>\n\t<meta property=\"og:image:height\" content=\"720\" \/>\n\t<meta property=\"og:image:type\" content=\"image\/jpeg\" \/>\n<meta name=\"twitter:card\" content=\"summary_large_image\" \/>\n<meta name=\"twitter:label1\" content=\"Tiempo de lectura\" \/>\n\t<meta name=\"twitter:data1\" content=\"2 minutos\" \/>\n<script type=\"application\/ld+json\" class=\"yoast-schema-graph\">{\"@context\":\"https:\/\/schema.org\",\"@graph\":[{\"@type\":\"WebPage\",\"@id\":\"https:\/\/nuevo.marmitas-industriales.com.mx\/?page_id=425\",\"url\":\"https:\/\/nuevo.marmitas-industriales.com.mx\/?page_id=425\",\"name\":\"Sobre nosotros - Marmitas Industriales\",\"isPartOf\":{\"@id\":\"https:\/\/nuevo.marmitas-industriales.com.mx\/#website\"},\"primaryImageOfPage\":{\"@id\":\"https:\/\/nuevo.marmitas-industriales.com.mx\/?page_id=425#primaryimage\"},\"image\":{\"@id\":\"https:\/\/nuevo.marmitas-industriales.com.mx\/?page_id=425#primaryimage\"},\"thumbnailUrl\":\"https:\/\/nuevo.marmitas-industriales.com.mx\/wp-content\/uploads\/2025\/06\/PHOTO-2025-06-19-11-30-03-1024x576.jpg\",\"datePublished\":\"2025-06-19T18:33:54+00:00\",\"dateModified\":\"2025-07-04T17:27:42+00:00\",\"breadcrumb\":{\"@id\":\"https:\/\/nuevo.marmitas-industriales.com.mx\/?page_id=425#breadcrumb\"},\"inLanguage\":\"es\",\"potentialAction\":[{\"@type\":\"ReadAction\",\"target\":[\"https:\/\/nuevo.marmitas-industriales.com.mx\/?page_id=425\"]}]},{\"@type\":\"ImageObject\",\"inLanguage\":\"es\",\"@id\":\"https:\/\/nuevo.marmitas-industriales.com.mx\/?page_id=425#primaryimage\",\"url\":\"https:\/\/nuevo.marmitas-industriales.com.mx\/wp-content\/uploads\/2025\/06\/PHOTO-2025-06-19-11-30-03.jpg\",\"contentUrl\":\"https:\/\/nuevo.marmitas-industriales.com.mx\/wp-content\/uploads\/2025\/06\/PHOTO-2025-06-19-11-30-03.jpg\",\"width\":1280,\"height\":720},{\"@type\":\"BreadcrumbList\",\"@id\":\"https:\/\/nuevo.marmitas-industriales.com.mx\/?page_id=425#breadcrumb\",\"itemListElement\":[{\"@type\":\"ListItem\",\"position\":1,\"name\":\"Portada\",\"item\":\"https:\/\/nuevo.marmitas-industriales.com.mx\/\"},{\"@type\":\"ListItem\",\"position\":2,\"name\":\"Sobre nosotros\"}]},{\"@type\":\"WebSite\",\"@id\":\"https:\/\/nuevo.marmitas-industriales.com.mx\/#website\",\"url\":\"https:\/\/nuevo.marmitas-industriales.com.mx\/\",\"name\":\"Marmitas Industriales\",\"description\":\"\",\"publisher\":{\"@id\":\"https:\/\/nuevo.marmitas-industriales.com.mx\/#organization\"},\"potentialAction\":[{\"@type\":\"SearchAction\",\"target\":{\"@type\":\"EntryPoint\",\"urlTemplate\":\"https:\/\/nuevo.marmitas-industriales.com.mx\/?s={search_term_string}\"},\"query-input\":{\"@type\":\"PropertyValueSpecification\",\"valueRequired\":true,\"valueName\":\"search_term_string\"}}],\"inLanguage\":\"es\"},{\"@type\":\"Organization\",\"@id\":\"https:\/\/nuevo.marmitas-industriales.com.mx\/#organization\",\"name\":\"Marmitas Industriales\",\"url\":\"https:\/\/nuevo.marmitas-industriales.com.mx\/\",\"logo\":{\"@type\":\"ImageObject\",\"inLanguage\":\"es\",\"@id\":\"https:\/\/nuevo.marmitas-industriales.com.mx\/#\/schema\/logo\/image\/\",\"url\":\"https:\/\/nuevo.marmitas-industriales.com.mx\/wp-content\/uploads\/2025\/06\/Marmitas-Industriales-logo.webp\",\"contentUrl\":\"https:\/\/nuevo.marmitas-industriales.com.mx\/wp-content\/uploads\/2025\/06\/Marmitas-Industriales-logo.webp\",\"width\":600,\"height\":600,\"caption\":\"Marmitas Industriales\"},\"image\":{\"@id\":\"https:\/\/nuevo.marmitas-industriales.com.mx\/#\/schema\/logo\/image\/\"}}]}<\/script>\n<!-- \/ Yoast SEO plugin. -->","yoast_head_json":{"title":"Sobre nosotros - Marmitas Industriales","robots":{"index":"index","follow":"follow","max-snippet":"max-snippet:-1","max-image-preview":"max-image-preview:large","max-video-preview":"max-video-preview:-1"},"canonical":"https:\/\/nuevo.marmitas-industriales.com.mx\/?page_id=425","og_locale":"es_ES","og_type":"article","og_title":"Sobre nosotros - Marmitas Industriales","og_description":"Quienes Somos en Marmitas Industriales Nuestra empresa a lo largo de los a\u00f1os se ha especializado en la comercializaci\u00f3n de marmitas, sartenes basculantes y cocedores a vapor para restaurantes y cocinas industriales. Debido a que conocemos la importancia que representa el elegir un equipo con las mejores caracter\u00edsticas de calidad, de operaci\u00f3n y al mejor [&hellip;]","og_url":"https:\/\/nuevo.marmitas-industriales.com.mx\/?page_id=425","og_site_name":"Marmitas Industriales","article_modified_time":"2025-07-04T17:27:42+00:00","og_image":[{"width":1280,"height":720,"url":"https:\/\/nuevo.marmitas-industriales.com.mx\/wp-content\/uploads\/2025\/06\/PHOTO-2025-06-19-11-30-03.jpg","type":"image\/jpeg"}],"twitter_card":"summary_large_image","twitter_misc":{"Tiempo de lectura":"2 minutos"},"schema":{"@context":"https:\/\/schema.org","@graph":[{"@type":"WebPage","@id":"https:\/\/nuevo.marmitas-industriales.com.mx\/?page_id=425","url":"https:\/\/nuevo.marmitas-industriales.com.mx\/?page_id=425","name":"Sobre nosotros - Marmitas Industriales","isPartOf":{"@id":"https:\/\/nuevo.marmitas-industriales.com.mx\/#website"},"primaryImageOfPage":{"@id":"https:\/\/nuevo.marmitas-industriales.com.mx\/?page_id=425#primaryimage"},"image":{"@id":"https:\/\/nuevo.marmitas-industriales.com.mx\/?page_id=425#primaryimage"},"thumbnailUrl":"https:\/\/nuevo.marmitas-industriales.com.mx\/wp-content\/uploads\/2025\/06\/PHOTO-2025-06-19-11-30-03-1024x576.jpg","datePublished":"2025-06-19T18:33:54+00:00","dateModified":"2025-07-04T17:27:42+00:00","breadcrumb":{"@id":"https:\/\/nuevo.marmitas-industriales.com.mx\/?page_id=425#breadcrumb"},"inLanguage":"es","potentialAction":[{"@type":"ReadAction","target":["https:\/\/nuevo.marmitas-industriales.com.mx\/?page_id=425"]}]},{"@type":"ImageObject","inLanguage":"es","@id":"https:\/\/nuevo.marmitas-industriales.com.mx\/?page_id=425#primaryimage","url":"https:\/\/nuevo.marmitas-industriales.com.mx\/wp-content\/uploads\/2025\/06\/PHOTO-2025-06-19-11-30-03.jpg","contentUrl":"https:\/\/nuevo.marmitas-industriales.com.mx\/wp-content\/uploads\/2025\/06\/PHOTO-2025-06-19-11-30-03.jpg","width":1280,"height":720},{"@type":"BreadcrumbList","@id":"https:\/\/nuevo.marmitas-industriales.com.mx\/?page_id=425#breadcrumb","itemListElement":[{"@type":"ListItem","position":1,"name":"Portada","item":"https:\/\/nuevo.marmitas-industriales.com.mx\/"},{"@type":"ListItem","position":2,"name":"Sobre nosotros"}]},{"@type":"WebSite","@id":"https:\/\/nuevo.marmitas-industriales.com.mx\/#website","url":"https:\/\/nuevo.marmitas-industriales.com.mx\/","name":"Marmitas Industriales","description":"","publisher":{"@id":"https:\/\/nuevo.marmitas-industriales.com.mx\/#organization"},"potentialAction":[{"@type":"SearchAction","target":{"@type":"EntryPoint","urlTemplate":"https:\/\/nuevo.marmitas-industriales.com.mx\/?s={search_term_string}"},"query-input":{"@type":"PropertyValueSpecification","valueRequired":true,"valueName":"search_term_string"}}],"inLanguage":"es"},{"@type":"Organization","@id":"https:\/\/nuevo.marmitas-industriales.com.mx\/#organization","name":"Marmitas Industriales","url":"https:\/\/nuevo.marmitas-industriales.com.mx\/","logo":{"@type":"ImageObject","inLanguage":"es","@id":"https:\/\/nuevo.marmitas-industriales.com.mx\/#\/schema\/logo\/image\/","url":"https:\/\/nuevo.marmitas-industriales.com.mx\/wp-content\/uploads\/2025\/06\/Marmitas-Industriales-logo.webp","contentUrl":"https:\/\/nuevo.marmitas-industriales.com.mx\/wp-content\/uploads\/2025\/06\/Marmitas-Industriales-logo.webp","width":600,"height":600,"caption":"Marmitas Industriales"},"image":{"@id":"https:\/\/nuevo.marmitas-industriales.com.mx\/#\/schema\/logo\/image\/"}}]}},"_links":{"self":[{"href":"https:\/\/nuevo.marmitas-industriales.com.mx\/index.php?rest_route=\/wp\/v2\/pages\/425","targetHints":{"allow":["GET"]}}],"collection":[{"href":"https:\/\/nuevo.marmitas-industriales.com.mx\/index.php?rest_route=\/wp\/v2\/pages"}],"about":[{"href":"https:\/\/nuevo.marmitas-industriales.com.mx\/index.php?rest_route=\/wp\/v2\/types\/page"}],"author":[{"embeddable":true,"href":"https:\/\/nuevo.marmitas-industriales.com.mx\/index.php?rest_route=\/wp\/v2\/users\/1"}],"replies":[{"embeddable":true,"href":"https:\/\/nuevo.marmitas-industriales.com.mx\/index.php?rest_route=%2Fwp%2Fv2%2Fcomments&post=425"}],"version-history":[{"count":31,"href":"https:\/\/nuevo.marmitas-industriales.com.mx\/index.php?rest_route=\/wp\/v2\/pages\/425\/revisions"}],"predecessor-version":[{"id":762,"href":"https:\/\/nuevo.marmitas-industriales.com.mx\/index.php?rest_route=\/wp\/v2\/pages\/425\/revisions\/762"}],"wp:attachment":[{"href":"https:\/\/nuevo.marmitas-industriales.com.mx\/index.php?rest_route=%2Fwp%2Fv2%2Fmedia&parent=425"}],"curies":[{"name":"wp","href":"https:\/\/api.w.org\/{rel}","templated":true}]}}